{"id":14208,"date":"2021-11-24T23:32:15","date_gmt":"2021-11-25T02:32:15","guid":{"rendered":"http:\/\/5digital.srtv.cl\/?page_id=14208"},"modified":"2023-06-16T12:08:24","modified_gmt":"2023-06-16T16:08:24","slug":"contacto","status":"publish","type":"page","link":"https:\/\/ofertasokey.cl\/index.php\/contacto\/","title":{"rendered":"Contacto"},"content":{"rendered":"<section class=\"l-section wpb_row us_custom_b03640aa height_custom\"><div class=\"l-section-h i-cf\"><div class=\"g-cols vc_row via_flex valign_top type_default stacking_default\"><div class=\"vc_col-sm-6 wpb_column vc_column_container\"><div class=\"vc_column-inner\"><div class=\"wpb_wrapper\"><form class=\"w-form  us-field-style_1 layout_ver show_message_after_sending for_cform us_form_1\" action=\"https:\/\/ofertasokey.cl\/index.php\/wp-json\/wp\/v2\/pages\/14208\" method=\"post\"><div class=\"w-form-h\"><div class=\"w-form-row for_text\">\r\n\t\t<div class=\"w-form-row-field\">\r\n\t\t\t\t\t\t<input aria-label=\"Nombre\" type=\"text\" name=\"us_form_1_text_1\" value placeholder=\"Nombre\"\/>\r\n\t\t\t<\/div>\r\n\t\t<div class=\"w-form-row-state\">Rellena este campo<\/div>\r\n<\/div>\r\n<div class=\"w-form-row for_email\">\r\n\t\t<div class=\"w-form-row-field\">\r\n\t\t\t\t\t\t<input aria-label=\"Correo electr\u00f3nico\" type=\"email\" name=\"us_form_1_email_1\" value placeholder=\"Correo electr\u00f3nico\"\/>\r\n\t\t\t<\/div>\r\n\t\t<div class=\"w-form-row-state\">Por favor, introduce una direcci\u00f3n de correo electr\u00f3nico v\u00e1lida.<\/div>\r\n<\/div>\r\n<div class=\"w-form-row for_text\">\r\n\t\t<div class=\"w-form-row-field\">\r\n\t\t\t\t\t\t<input aria-label=\"Tel\u00e9fono\" type=\"text\" name=\"us_form_1_text_2\" value placeholder=\"Tel\u00e9fono\"\/>\r\n\t\t\t<\/div>\r\n\t\t<div class=\"w-form-row-state\">Rellena este campo<\/div>\r\n<\/div>\r\n<div class=\"w-form-row for_text\">\r\n\t\t<div class=\"w-form-row-field\">\r\n\t\t\t\t\t\t<input aria-label=\"Asunto\" type=\"text\" name=\"us_form_1_text_3\" value placeholder=\"Asunto\"\/>\r\n\t\t\t<\/div>\r\n\t\t<div class=\"w-form-row-state\">Rellena este campo<\/div>\r\n<\/div>\r\n<div class=\"w-form-row for_textarea\">\r\n\t\t<div class=\"w-form-row-field\">\r\n\t\t\t\t\t\t<textarea aria-label=\"Texto\" name=\"us_form_1_textarea_1\" placeholder=\"Texto\"><\/textarea>\r\n\t\t\t<\/div>\r\n\t\t<div class=\"w-form-row-state\">Rellena este campo<\/div>\r\n<\/div>\r\n<input type=\"hidden\" name=\"action\" value=\"us_ajax_cform\" \/>\r\n<input type=\"hidden\" name=\"post_id\" value=\"0\" \/>\r\n<input type=\"hidden\" name=\"form_index\" value=\"1\" \/>\r\n<div class=\"w-form-row for_submit align_center\">\r\n\t<button class=\"w-btn  us-btn-style_1\" aria-label=\"Enviar\" type=\"submit\">\r\n\t\t<span class=\"g-preloader type_1\"><\/span>\r\n\t\t\t\t<span class=\"w-btn-label\">Enviar<\/span>\r\n\t\t\t<\/button>\r\n\t<\/div>\r\n<\/div><div class=\"w-form-message\"><\/div><div class=\"w-form-json hidden\" onclick='return {&quot;ajaxurl&quot;:&quot;https:\\\/\\\/ofertasokey.cl\\\/wp-admin\\\/admin-ajax.php&quot;,&quot;messages&quot;:{&quot;err_empty&quot;:&quot;Rellena este campo&quot;,&quot;err_size&quot;:&quot;El tama\\u00f1o del archivo no puede exceder %s MB&quot;,&quot;err_extension&quot;:&quot;El tipo de archivo %s no est\\u00e1 permitido&quot;,&quot;err_recaptcha_keys&quot;:&quot;Las claves de reCAPTCHA son incorrectas&quot;}}'><\/div><\/form><\/div><\/div><\/div><div class=\"vc_col-sm-6 wpb_column vc_column_container\"><div class=\"vc_column-inner\"><div class=\"wpb_wrapper\"><div class=\"wpb_text_column us_custom_b92321ad has_text_color\"><div class=\"wpb_wrapper\"><p style=\"text-align: center;\">INFORMACI\u00d3N DE CONTACTO<\/p>\n<\/div><\/div><div class=\"w-separator size_medium\"><\/div><div class=\"w-iconbox iconpos_top style_default color_custom align_center\"><a href=\"https:\/\/goo.gl\/maps\/6oJnRQ5q7mzEe7TN9\" class=\"w-iconbox-link\" aria-label=\"Direcci\u00f3n\"><div class=\"w-iconbox-icon\" style=\"font-size:46px;--icon-color:#FB5000;\"><i class=\"fas fa-map\"><\/i><\/div><\/a><div class=\"w-iconbox-meta\"><h4 class=\"w-iconbox-title\"><a href=\"https:\/\/goo.gl\/maps\/6oJnRQ5q7mzEe7TN9\" class=\"w-iconbox-link\" aria-label=\"Direcci\u00f3n\">Direcci\u00f3n<\/a><\/h4><div class=\"w-iconbox-text\"><p>San Isidro 2074, Santiago Centro.<\/p>\n<\/div><\/div><\/div><div class=\"w-separator size_medium\"><\/div><div class=\"w-hwrapper valign_top align_none\"><div class=\"w-iconbox iconpos_top style_default color_custom align_center\"><a href=\"tel:+56971423588\" class=\"w-iconbox-link\" aria-label=\"Tel\u00e9fono\"><div class=\"w-iconbox-icon\" style=\"font-size:46px;--icon-color:#FB5000;\"><i class=\"fas fa-phone-rotary\"><\/i><\/div><\/a><div class=\"w-iconbox-meta\"><h4 class=\"w-iconbox-title\"><a href=\"tel:+56971423588\" class=\"w-iconbox-link\" aria-label=\"Tel\u00e9fono\">Tel\u00e9fono<\/a><\/h4><div class=\"w-iconbox-text\"><p><a href=\"tel:+56225549188\">+56 2 2554 9188<\/a><\/p>\n<\/div><\/div><\/div><div class=\"w-iconbox iconpos_top style_default color_custom align_center\"><a href=\"tel:+56971423588\" class=\"w-iconbox-link\" aria-label=\"M\u00f3vil\"><div class=\"w-iconbox-icon\" style=\"font-size:46px;--icon-color:#FB5000;\"><i class=\"fas fa-phone\"><\/i><\/div><\/a><div class=\"w-iconbox-meta\"><h4 class=\"w-iconbox-title\"><a href=\"tel:+56971423588\" class=\"w-iconbox-link\" aria-label=\"M\u00f3vil\">M\u00f3vil<\/a><\/h4><div class=\"w-iconbox-text\"><p><a href=\"tel:+56971423588\">+56971423588<\/a><\/p>\n<\/div><\/div><\/div><div class=\"w-iconbox iconpos_top style_default color_custom align_center\"><a href=\"tel:+56971423588\" class=\"w-iconbox-link\" aria-label=\"M\u00f3vil\"><div class=\"w-iconbox-icon\" style=\"font-size:46px;--icon-color:#FB5000;\"><i class=\"fas fa-phone\"><\/i><\/div><\/a><div class=\"w-iconbox-meta\"><h4 class=\"w-iconbox-title\"><a href=\"tel:+56971423588\" class=\"w-iconbox-link\" aria-label=\"M\u00f3vil\">M\u00f3vil<\/a><\/h4><div class=\"w-iconbox-text\"><p><a href=\"tel:+56931870896\">+56931870896<\/a><\/p>\n<\/div><\/div><\/div><\/div><div class=\"w-separator size_medium\"><\/div><div class=\"w-iconbox iconpos_top style_default color_custom align_center\"><a href=\"mailto:ventas@odear.cl\" class=\"w-iconbox-link\" aria-label=\"Correo Electr\u00f3nico\"><div class=\"w-iconbox-icon\" style=\"font-size:46px;--icon-color:#FB5000;\"><i class=\"fas fa-envelope\"><\/i><\/div><\/a><div class=\"w-iconbox-meta\"><h4 class=\"w-iconbox-title\"><a href=\"mailto:ventas@odear.cl\" class=\"w-iconbox-link\" aria-label=\"Correo Electr\u00f3nico\">Correo Electr\u00f3nico<\/a><\/h4><div class=\"w-iconbox-text\"><p>ventas@odear.cl<\/p>\n<\/div><\/div><\/div><\/div><\/div><\/div><\/div><\/div><\/section>\n","protected":false},"excerpt":{"rendered":"Rellena este campo Por favor, introduce una direcci\u00f3n de correo electr\u00f3nico v\u00e1lida. Rellena este campo Rellena este campo Rellena este campo Enviar INFORMACI\u00d3N DE CONTACTO Direcci\u00f3nSan Isidro 2074, Santiago Centro. Tel\u00e9fono+56 2 2554 9188 M\u00f3vil+56971423588 M\u00f3vil+56931870896 Correo Electr\u00f3nicoventas@odear.cl","protected":false},"author":7,"featured_media":0,"parent":0,"menu_order":0,"comment_status":"closed","ping_status":"closed","template":"","meta":{"footnotes":""},"class_list":["post-14208","page","type-page","status-publish","hentry"],"_links":{"self":[{"href":"https:\/\/ofertasokey.cl\/index.php\/wp-json\/wp\/v2\/pages\/14208","targetHints":{"allow":["GET"]}}],"collection":[{"href":"https:\/\/ofertasokey.cl\/index.php\/wp-json\/wp\/v2\/pages"}],"about":[{"href":"https:\/\/ofertasokey.cl\/index.php\/wp-json\/wp\/v2\/types\/page"}],"author":[{"embeddable":true,"href":"https:\/\/ofertasokey.cl\/index.php\/wp-json\/wp\/v2\/users\/7"}],"replies":[{"embeddable":true,"href":"https:\/\/ofertasokey.cl\/index.php\/wp-json\/wp\/v2\/comments?post=14208"}],"version-history":[{"count":18,"href":"https:\/\/ofertasokey.cl\/index.php\/wp-json\/wp\/v2\/pages\/14208\/revisions"}],"predecessor-version":[{"id":19292,"href":"https:\/\/ofertasokey.cl\/index.php\/wp-json\/wp\/v2\/pages\/14208\/revisions\/19292"}],"wp:attachment":[{"href":"https:\/\/ofertasokey.cl\/index.php\/wp-json\/wp\/v2\/media?parent=14208"}],"curies":[{"name":"wp","href":"https:\/\/api.w.org\/{rel}","templated":true}]}}