{"id":19349,"date":"2023-06-16T15:19:46","date_gmt":"2023-06-16T19:19:46","guid":{"rendered":"http:\/\/ofertasokey.srtv.cl\/?post_type=product&#038;p=19349"},"modified":"2026-04-03T10:03:50","modified_gmt":"2026-04-03T13:03:50","slug":"swing-car-rana-verde","status":"publish","type":"product","link":"https:\/\/ofertasokey.cl\/index.php\/producto\/swing-car-rana-verde\/","title":{"rendered":"Swing Car Rana verde"},"content":{"rendered":"<p>Entretenido y novedoso carro oscilante, el cual avanza con los movimientos del manubrio de lado a lado<\/p>\n<p>El Swing Car Rana Verde es un juguete divertido y emocionante para ni\u00f1os. Este veh\u00edculo de paseo sin pedales permite a los ni\u00f1os moverse hacia adelante y hacia atr\u00e1s mediante el giro del volante. Con un dise\u00f1o de rana verde llamativo, el Swing Car brinda una experiencia de conducci\u00f3n \u00fanica para los m\u00e1s peque\u00f1os. Adem\u00e1s, este juguete promueve el desarrollo del equilibrio, la coordinaci\u00f3n y la habilidad motora de los ni\u00f1os mientras se divierten.<\/p>\n<div id=\"divtags\">\n<h1>Juguete Swing Car Rana Verde<\/h1>\n<h1>Swing Car para ni\u00f1os sin pedales<\/h1>\n<h1>Juguete de conducci\u00f3n para ni\u00f1os<\/h1>\n<h1>Swing Car de dise\u00f1o de rana verde<\/h1>\n<h1>Divertido juguete para moverse hacia adelante y hacia atr\u00e1s<\/h1>\n<h1>Desarrollo del equilibrio y coordinaci\u00f3n con el Swing Car<\/h1>\n<h1>Habilidad motora y diversi\u00f3n con el Swing Car Rana Verde<\/h1>\n<h1>El mejor juguete de paseo para ni\u00f1os<\/h1>\n<h1>Swing Car para ni\u00f1os de todas las edades<\/h1>\n<h1>Aventuras y diversi\u00f3n con el Swing Car Rana Verde<\/h1>\n<h1>El juguete perfecto para regalar<\/h1>\n<h1>Swing Car: diversi\u00f3n y aprendizaje para ni\u00f1os<\/h1>\n<h1>Explora el mundo con el Swing Car Rana Verde<\/h1>\n<h1>Juega al aire libre con el Swing Car<\/h1>\n<h1>Juguete seguro y resistente: Swing Car Rana Verde<\/h1>\n<h1>Swing Car: un regalo ideal para cumplea\u00f1os y ocasiones especiales<\/h1>\n<\/div>\n","protected":false},"excerpt":{"rendered":"<p>Entretenido y novedoso carro oscilante, el cual avanza con los movimientos del manubrio de lado a lado El Swing Car Rana Verde es un juguete divertido y emocionante para ni\u00f1os. Este veh\u00edculo de paseo sin pedales permite a los ni\u00f1os moverse hacia adelante y hacia atr\u00e1s mediante el giro del volante. Con un dise\u00f1o de&#8230;<\/p>\n","protected":false},"featured_media":19351,"template":"","meta":[],"product_brand":[],"product_cat":[1679],"product_tag":[],"class_list":{"0":"post-19349","1":"product","2":"type-product","3":"status-publish","4":"has-post-thumbnail","6":"product_cat-scooter-electricos","8":"first","9":"instock","10":"shipping-taxable","11":"purchasable","12":"product-type-simple"},"_links":{"self":[{"href":"https:\/\/ofertasokey.cl\/index.php\/wp-json\/wp\/v2\/product\/19349","targetHints":{"allow":["GET"]}}],"collection":[{"href":"https:\/\/ofertasokey.cl\/index.php\/wp-json\/wp\/v2\/product"}],"about":[{"href":"https:\/\/ofertasokey.cl\/index.php\/wp-json\/wp\/v2\/types\/product"}],"wp:featuredmedia":[{"embeddable":true,"href":"https:\/\/ofertasokey.cl\/index.php\/wp-json\/wp\/v2\/media\/19351"}],"wp:attachment":[{"href":"https:\/\/ofertasokey.cl\/index.php\/wp-json\/wp\/v2\/media?parent=19349"}],"wp:term":[{"taxonomy":"product_brand","embeddable":true,"href":"https:\/\/ofertasokey.cl\/index.php\/wp-json\/wp\/v2\/product_brand?post=19349"},{"taxonomy":"product_cat","embeddable":true,"href":"https:\/\/ofertasokey.cl\/index.php\/wp-json\/wp\/v2\/product_cat?post=19349"},{"taxonomy":"product_tag","embeddable":true,"href":"https:\/\/ofertasokey.cl\/index.php\/wp-json\/wp\/v2\/product_tag?post=19349"}],"curies":[{"name":"wp","href":"https:\/\/api.w.org\/{rel}","templated":true}]}}