{"id":19383,"date":"2023-06-16T16:01:45","date_gmt":"2023-06-16T20:01:45","guid":{"rendered":"http:\/\/ofertasokey.srtv.cl\/?post_type=product&#038;p=19383"},"modified":"2025-04-23T10:19:53","modified_gmt":"2025-04-23T14:19:53","slug":"caja-con-24-tarros-de-3-pelotas-padel","status":"publish","type":"product","link":"https:\/\/ofertasokey.cl\/index.php\/producto\/caja-con-24-tarros-de-3-pelotas-padel\/","title":{"rendered":"3 tarros de 3 pelotas Padel"},"content":{"rendered":"<p>Pelota profesional de padel aprobadas por la \u00abfederacion internacional de tenis\u00bb<\/p>\n<p>3 tarros de 3 pelotas de p\u00e1del es el complemento ideal para los amantes de este deporte. Estas cajas ofrecen la comodidad de contar con un amplio suministro de pelotas de calidad para disfrutar de partidos sin interrupciones. Cada tarro contiene tres pelotas, que est\u00e1n dise\u00f1adas espec\u00edficamente para el p\u00e1del, con materiales duraderos y un rebote adecuado para este tipo de superficie. Adem\u00e1s, al tener 3 tarros en una caja, es una excelente opci\u00f3n para clubes o jugadores que practican de manera regular.<\/p>\n<p>Con esta caja de 3 tarros de 3 pelotas de p\u00e1del, tendr\u00e1s suficientes pelotas para jugar durante mucho tiempo. Ya sea que juegues a nivel amateur o profesional, contar con un suministro adecuado de pelotas de calidad es esencial para un juego \u00f3ptimo. Adem\u00e1s, esta caja es conveniente para transportar y almacenar las pelotas de manera organizada. Disfruta de tus partidos de p\u00e1del sin preocuparte por quedarte sin pelotas y aprovecha esta oferta para abastecerte de pelotas de alta calidad.<\/p>\n<div id=\"divtags\">\n<h1>Caja de pelotas de p\u00e1del<\/h1>\n<h1>Tarro de 3 pelotas de p\u00e1del<\/h1>\n<h1>Suministro de pelotas de p\u00e1del<\/h1>\n<h1>Pelotas de p\u00e1del de calidad<\/h1>\n<h1>Caja con 3 tarros de pelotas de p\u00e1del<\/h1>\n<h1>Pelotas de p\u00e1del duraderas<\/h1>\n<h1>Pelotas de p\u00e1del de rebote adecuado<\/h1>\n<h1>Pelotas de p\u00e1del para clubes<\/h1>\n<h1>Pelotas de p\u00e1del para jugadores regulares<\/h1>\n<h1>Caja de pelotas de p\u00e1del para uso profesional<\/h1>\n<h1>Pelotas de p\u00e1del para juego \u00f3ptimo<\/h1>\n<h1>Pelotas de p\u00e1del para nivel amateur<\/h1>\n<h1>Transporte y almacenamiento de pelotas de p\u00e1del<\/h1>\n<h1>Pelotas de p\u00e1del organizadas en una caja<\/h1>\n<h1>Compra de pelotas de p\u00e1del en oferta<\/h1>\n<h1>Pelotas de p\u00e1del de alto rendimiento<\/h1>\n<\/div>\n","protected":false},"excerpt":{"rendered":"<p>Pelota profesional de padel aprobadas por la \u00abfederacion internacional de tenis\u00bb 3 tarros de 3 pelotas de p\u00e1del es el complemento ideal para los amantes de este deporte. Estas cajas ofrecen la comodidad de contar con un amplio suministro de pelotas de calidad para disfrutar de partidos sin interrupciones. Cada tarro contiene tres pelotas, que&#8230;<\/p>\n","protected":false},"featured_media":19384,"template":"","meta":[],"product_brand":[],"product_cat":[1690],"product_tag":[],"class_list":{"0":"post-19383","1":"product","2":"type-product","3":"status-publish","4":"has-post-thumbnail","6":"product_cat-padel","8":"first","9":"instock","10":"shipping-taxable","11":"purchasable","12":"product-type-simple"},"_links":{"self":[{"href":"https:\/\/ofertasokey.cl\/index.php\/wp-json\/wp\/v2\/product\/19383","targetHints":{"allow":["GET"]}}],"collection":[{"href":"https:\/\/ofertasokey.cl\/index.php\/wp-json\/wp\/v2\/product"}],"about":[{"href":"https:\/\/ofertasokey.cl\/index.php\/wp-json\/wp\/v2\/types\/product"}],"wp:featuredmedia":[{"embeddable":true,"href":"https:\/\/ofertasokey.cl\/index.php\/wp-json\/wp\/v2\/media\/19384"}],"wp:attachment":[{"href":"https:\/\/ofertasokey.cl\/index.php\/wp-json\/wp\/v2\/media?parent=19383"}],"wp:term":[{"taxonomy":"product_brand","embeddable":true,"href":"https:\/\/ofertasokey.cl\/index.php\/wp-json\/wp\/v2\/product_brand?post=19383"},{"taxonomy":"product_cat","embeddable":true,"href":"https:\/\/ofertasokey.cl\/index.php\/wp-json\/wp\/v2\/product_cat?post=19383"},{"taxonomy":"product_tag","embeddable":true,"href":"https:\/\/ofertasokey.cl\/index.php\/wp-json\/wp\/v2\/product_tag?post=19383"}],"curies":[{"name":"wp","href":"https:\/\/api.w.org\/{rel}","templated":true}]}}