{"id":19393,"date":"2023-06-16T16:08:56","date_gmt":"2023-06-16T20:08:56","guid":{"rendered":"http:\/\/ofertasokey.srtv.cl\/?post_type=product&#038;p=19393"},"modified":"2023-06-19T15:54:16","modified_gmt":"2023-06-19T19:54:16","slug":"set-eco-bolsas","status":"publish","type":"product","link":"https:\/\/ofertasokey.cl\/index.php\/producto\/set-eco-bolsas\/","title":{"rendered":"Set Eco-bolsas"},"content":{"rendered":"<p>Un Set de 4 Eco-bolsas.<br \/>\n-Todos nuestros set contienen una bolsa (azul) acondicionada para los productos congelados.<br \/>\n-Inventadas para el calce perfecto en el carro de supermercado.<br \/>\n-Se pueden separar facilmente para cargarlas en el auto.<\/p>\n<p> Las eco-bolsas son una alternativa sostenible y amigable con el medio ambiente para reemplazar las bolsas de pl\u00e1stico de un solo uso. Estas bolsas est\u00e1n fabricadas con materiales biodegradables o reutilizables, como el algod\u00f3n org\u00e1nico, el yute o el papel reciclado. Su dise\u00f1o resistente y duradero permite transportar compras y objetos de manera segura, evitando la generaci\u00f3n de residuos pl\u00e1sticos. Adem\u00e1s, las eco-bolsas suelen ser plegables y f\u00e1ciles de llevar, lo que las convierte en una opci\u00f3n conveniente para el uso diario. Al utilizar eco-bolsas, contribuimos a reducir el impacto ambiental y promovemos un estilo de vida m\u00e1s sustentable.<\/p>\n<div id=\"divtags\">\n<h1>Bolsas ecol\u00f3gicas<\/h1>\n<h1>Eco-bolsas reutilizables<\/h1>\n<h1>Alternativas sostenibles a las bolsas de pl\u00e1stico<\/h1>\n<h1>Bolsas amigables con el medio ambiente<\/h1>\n<h1>Beneficios de usar eco-bolsas<\/h1>\n<h1>Eco-bolsas: una opci\u00f3n ecoconsciente<\/h1>\n<h1>Reduce el uso de bolsas pl\u00e1sticas con eco-bolsas<\/h1>\n<h1>Eco-bolsas para un futuro m\u00e1s limpio<\/h1>\n<h1>Elige eco-bolsas y di no al pl\u00e1stico<\/h1>\n<h1>Bolsas ecol\u00f3gicas para compras conscientes<\/h1>\n<h1>Eco-bolsas: una elecci\u00f3n responsable<\/h1>\n<h1>Moda sostenible: eco-bolsas y su estilo<\/h1>\n<h1>Eco-bolsas: una tendencia en crecimiento<\/h1>\n<h1>Eco-bolsas: accesorios pr\u00e1cticos y ecol\u00f3gicos<\/h1>\n<h1>Eco-bolsas: moda y conciencia ambiental<\/h1>\n<h1>Bolsas resistentes y ecol\u00f3gicas<\/h1>\n<\/div>\n","protected":false},"excerpt":{"rendered":"<p>Un Set de 4 Eco-bolsas. -Todos nuestros set contienen una bolsa (azul) acondicionada para los productos congelados. -Inventadas para el calce perfecto en el carro de supermercado. -Se pueden separar facilmente para cargarlas en el auto. Las eco-bolsas son una alternativa sostenible y amigable con el medio ambiente para reemplazar las bolsas de pl\u00e1stico de&#8230;<\/p>\n","protected":false},"featured_media":19395,"template":"","meta":[],"product_brand":[],"product_cat":[1683],"product_tag":[],"class_list":{"0":"post-19393","1":"product","2":"type-product","3":"status-publish","4":"has-post-thumbnail","6":"product_cat-multi-bolsas-supermercado","8":"first","9":"instock","10":"shipping-taxable","11":"purchasable","12":"product-type-simple"},"_links":{"self":[{"href":"https:\/\/ofertasokey.cl\/index.php\/wp-json\/wp\/v2\/product\/19393","targetHints":{"allow":["GET"]}}],"collection":[{"href":"https:\/\/ofertasokey.cl\/index.php\/wp-json\/wp\/v2\/product"}],"about":[{"href":"https:\/\/ofertasokey.cl\/index.php\/wp-json\/wp\/v2\/types\/product"}],"wp:featuredmedia":[{"embeddable":true,"href":"https:\/\/ofertasokey.cl\/index.php\/wp-json\/wp\/v2\/media\/19395"}],"wp:attachment":[{"href":"https:\/\/ofertasokey.cl\/index.php\/wp-json\/wp\/v2\/media?parent=19393"}],"wp:term":[{"taxonomy":"product_brand","embeddable":true,"href":"https:\/\/ofertasokey.cl\/index.php\/wp-json\/wp\/v2\/product_brand?post=19393"},{"taxonomy":"product_cat","embeddable":true,"href":"https:\/\/ofertasokey.cl\/index.php\/wp-json\/wp\/v2\/product_cat?post=19393"},{"taxonomy":"product_tag","embeddable":true,"href":"https:\/\/ofertasokey.cl\/index.php\/wp-json\/wp\/v2\/product_tag?post=19393"}],"curies":[{"name":"wp","href":"https:\/\/api.w.org\/{rel}","templated":true}]}}