{"id":19411,"date":"2023-06-16T16:31:00","date_gmt":"2023-06-16T20:31:00","guid":{"rendered":"http:\/\/ofertasokey.srtv.cl\/?post_type=product&#038;p=19411"},"modified":"2024-03-05T16:26:12","modified_gmt":"2024-03-05T19:26:12","slug":"patineta-electrica-cs-t05","status":"publish","type":"product","link":"https:\/\/ofertasokey.cl\/index.php\/producto\/patineta-electrica-cs-t05\/","title":{"rendered":"Patineta Electrica CS-T05"},"content":{"rendered":"<p>Increible patineta de equilibrio:<br \/>\n-Tama\u00f1o de la rueda: 6.5 pulgadas<br \/>\n-Potencia del motor: 350W<br \/>\n-Velocidad m\u00e1xima: 12KM \/ H<br \/>\n-Distancia max. con bateria cargada: 15-20 KM<br \/>\n-Pendiente maxima: 15 \u00b0 6. Max Cargando 120 KG<br \/>\n-Capacidad de la bater\u00eda: 4400Mah<br \/>\n-Energ\u00eda del cargador: AC110-AC220V 50-60HZ<br \/>\n-Tiempo de carga: 3 horas<\/p>\n<p>La patineta el\u00e9ctrica CS-T05 es una opci\u00f3n moderna y eficiente para aquellos que buscan una forma de transporte alternativa y sostenible. Con su dise\u00f1o compacto y motor el\u00e9ctrico, esta patineta permite desplazarse de manera \u00e1gil y r\u00e1pida, evitando el tr\u00e1fico y las largas esperas en el transporte p\u00fablico. Adem\u00e1s, cuenta con caracter\u00edsticas como luces LED para mayor seguridad durante la noche, una bater\u00eda de larga duraci\u00f3n y la posibilidad de regular la velocidad seg\u00fan las necesidades del usuario. Con la patineta el\u00e9ctrica CS-T05, moverse por la ciudad se vuelve mucho m\u00e1s pr\u00e1ctico y divertido.<\/p>\n<div id=\"divtags\">\n<h1>Patineta el\u00e9ctrica CS-T05<\/h1>\n<h1>Patineta CS-T05: la forma de transporte del futuro<\/h1>\n<h1>Patineta el\u00e9ctrica: una alternativa sostenible para moverse por la ciudad<\/h1>\n<h1>Despl\u00e1zate de manera eficiente con la patineta CS-T05<\/h1>\n<h1>Patineta el\u00e9ctrica CS-T05: caracter\u00edsticas y ventajas<\/h1>\n<h1>Explora la ciudad con la patineta el\u00e9ctrica m\u00e1s moderna<\/h1>\n<h1>Patineta CS-T05: dise\u00f1o compacto y funcionalidad avanzada<\/h1>\n<h1>Movilidad urbana con estilo: patineta el\u00e9ctrica CS-T05<\/h1>\n<h1>La mejor opci\u00f3n para desplazarte en la ciudad: patineta CS-T05<\/h1>\n<h1>Patineta el\u00e9ctrica CS-T05: velocidad y comodidad en un solo dispositivo<\/h1>\n<h1>Descubre la libertad de la patineta el\u00e9ctrica CS-T05<\/h1>\n<h1>Patineta CS-T05: la elecci\u00f3n inteligente para tu movilidad diaria<\/h1>\n<h1>\u00bfBuscas una forma pr\u00e1ctica de moverte? La patineta el\u00e9ctrica CS-T05 es la respuesta<\/h1>\n<h1>Patineta el\u00e9ctrica CS-T05: disfruta de un viaje suave y sin esfuerzo<\/h1>\n<h1>Conquista las calles con la patineta CS-T05<\/h1>\n<h1>Patineta el\u00e9ctrica CS-T05: la mejor manera de llegar a tu destino<\/h1>\n<\/div>\n","protected":false},"excerpt":{"rendered":"<p>Increible patineta de equilibrio: -Tama\u00f1o de la rueda: 6.5 pulgadas -Potencia del motor: 350W -Velocidad m\u00e1xima: 12KM \/ H -Distancia max. con bateria cargada: 15-20 KM -Pendiente maxima: 15 \u00b0 6. Max Cargando 120 KG -Capacidad de la bater\u00eda: 4400Mah -Energ\u00eda del cargador: AC110-AC220V 50-60HZ -Tiempo de carga: 3 horas La patineta el\u00e9ctrica CS-T05 es&#8230;<\/p>\n","protected":false},"featured_media":19412,"template":"","meta":[],"product_brand":[],"product_cat":[1679],"product_tag":[],"class_list":{"0":"post-19411","1":"product","2":"type-product","3":"status-publish","4":"has-post-thumbnail","6":"product_cat-scooter-electricos","8":"first","9":"instock","10":"sale","11":"shipping-taxable","12":"purchasable","13":"product-type-simple"},"_links":{"self":[{"href":"https:\/\/ofertasokey.cl\/index.php\/wp-json\/wp\/v2\/product\/19411","targetHints":{"allow":["GET"]}}],"collection":[{"href":"https:\/\/ofertasokey.cl\/index.php\/wp-json\/wp\/v2\/product"}],"about":[{"href":"https:\/\/ofertasokey.cl\/index.php\/wp-json\/wp\/v2\/types\/product"}],"wp:featuredmedia":[{"embeddable":true,"href":"https:\/\/ofertasokey.cl\/index.php\/wp-json\/wp\/v2\/media\/19412"}],"wp:attachment":[{"href":"https:\/\/ofertasokey.cl\/index.php\/wp-json\/wp\/v2\/media?parent=19411"}],"wp:term":[{"taxonomy":"product_brand","embeddable":true,"href":"https:\/\/ofertasokey.cl\/index.php\/wp-json\/wp\/v2\/product_brand?post=19411"},{"taxonomy":"product_cat","embeddable":true,"href":"https:\/\/ofertasokey.cl\/index.php\/wp-json\/wp\/v2\/product_cat?post=19411"},{"taxonomy":"product_tag","embeddable":true,"href":"https:\/\/ofertasokey.cl\/index.php\/wp-json\/wp\/v2\/product_tag?post=19411"}],"curies":[{"name":"wp","href":"https:\/\/api.w.org\/{rel}","templated":true}]}}